{"id":303,"date":"2023-08-02T15:28:02","date_gmt":"2023-08-02T13:28:02","guid":{"rendered":"https:\/\/clangormsson.com\/?page_id=303"},"modified":"2024-09-28T22:50:01","modified_gmt":"2024-09-28T20:50:01","slug":"latelier-du-chat-reveur","status":"publish","type":"page","link":"https:\/\/clangormsson.com\/index.php\/animations-scolaires\/latelier-du-chat-reveur\/","title":{"rendered":"L\u2019Atelier du Chat R\u00eaveur"},"content":{"rendered":"\n<p><strong>Bienvenue \u00e0 \u00ab&nbsp;L\u2019Atelier du Chat R\u00eaveur&nbsp;\u00bb \u2013 un royaume enchant\u00e9 de m\u00e9tal et de cr\u00e9ativit\u00e9 forg\u00e9 par l\u2019artisan passionn\u00e9, Ma\u00eetre forgeron! Plongez dans un voyage \u00e0 travers les si\u00e8cles pour d\u00e9couvrir les myst\u00e8res et la magie de l\u2019art ancestral de la forge.<\/strong><\/p>\n\n\n\n<figure class=\"wp-block-gallery has-nested-images columns-default is-cropped wp-block-gallery-1 is-layout-flex wp-block-gallery-is-layout-flex\">\n<figure class=\"wp-block-image size-large\"><img fetchpriority=\"high\" decoding=\"async\" width=\"819\" height=\"1024\" data-id=\"649\" src=\"https:\/\/clangormsson.com\/wp-content\/uploads\/2024\/09\/458846633_18339829243192104_5703699668968823383_n-819x1024.jpg\" alt=\"\" class=\"wp-image-649\" srcset=\"https:\/\/clangormsson.com\/wp-content\/uploads\/2024\/09\/458846633_18339829243192104_5703699668968823383_n-819x1024.jpg 819w, https:\/\/clangormsson.com\/wp-content\/uploads\/2024\/09\/458846633_18339829243192104_5703699668968823383_n-240x300.jpg 240w, https:\/\/clangormsson.com\/wp-content\/uploads\/2024\/09\/458846633_18339829243192104_5703699668968823383_n-768x960.jpg 768w, https:\/\/clangormsson.com\/wp-content\/uploads\/2024\/09\/458846633_18339829243192104_5703699668968823383_n-1229x1536.jpg 1229w, https:\/\/clangormsson.com\/wp-content\/uploads\/2024\/09\/458846633_18339829243192104_5703699668968823383_n.jpg 1440w\" sizes=\"(max-width: 819px) 100vw, 819px\" \/><\/figure>\n\n\n\n<figure class=\"wp-block-image size-large\"><img decoding=\"async\" width=\"577\" height=\"1024\" data-id=\"255\" src=\"https:\/\/clangormsson.com\/wp-content\/uploads\/2023\/08\/351468651_772698227695076_2258470000396401485_n-577x1024.jpg\" alt=\"\" class=\"wp-image-255\" srcset=\"https:\/\/clangormsson.com\/wp-content\/uploads\/2023\/08\/351468651_772698227695076_2258470000396401485_n-577x1024.jpg 577w, https:\/\/clangormsson.com\/wp-content\/uploads\/2023\/08\/351468651_772698227695076_2258470000396401485_n-169x300.jpg 169w, https:\/\/clangormsson.com\/wp-content\/uploads\/2023\/08\/351468651_772698227695076_2258470000396401485_n-768x1364.jpg 768w, https:\/\/clangormsson.com\/wp-content\/uploads\/2023\/08\/351468651_772698227695076_2258470000396401485_n-865x1536.jpg 865w, https:\/\/clangormsson.com\/wp-content\/uploads\/2023\/08\/351468651_772698227695076_2258470000396401485_n.jpg 1153w\" sizes=\"(max-width: 577px) 100vw, 577px\" \/><\/figure>\n\n\n\n<figure class=\"wp-block-image size-large\"><img decoding=\"async\" width=\"577\" height=\"1024\" data-id=\"652\" src=\"https:\/\/clangormsson.com\/wp-content\/uploads\/2024\/09\/458711320_521756543570588_2585237246672825155_n-577x1024.jpg\" alt=\"\" class=\"wp-image-652\" srcset=\"https:\/\/clangormsson.com\/wp-content\/uploads\/2024\/09\/458711320_521756543570588_2585237246672825155_n-577x1024.jpg 577w, https:\/\/clangormsson.com\/wp-content\/uploads\/2024\/09\/458711320_521756543570588_2585237246672825155_n-169x300.jpg 169w, https:\/\/clangormsson.com\/wp-content\/uploads\/2024\/09\/458711320_521756543570588_2585237246672825155_n-768x1364.jpg 768w, https:\/\/clangormsson.com\/wp-content\/uploads\/2024\/09\/458711320_521756543570588_2585237246672825155_n-865x1536.jpg 865w, https:\/\/clangormsson.com\/wp-content\/uploads\/2024\/09\/458711320_521756543570588_2585237246672825155_n.jpg 1153w\" sizes=\"(max-width: 577px) 100vw, 577px\" \/><\/figure>\n\n\n\n<figure class=\"wp-block-image size-large\"><img loading=\"lazy\" decoding=\"async\" width=\"1024\" height=\"768\" data-id=\"256\" src=\"https:\/\/clangormsson.com\/wp-content\/uploads\/2023\/08\/347382277_190438393944878_3659200191505040919_n-1024x768.jpg\" alt=\"\" class=\"wp-image-256\"\/><\/figure>\n\n\n\n<figure class=\"wp-block-image size-large\"><img loading=\"lazy\" decoding=\"async\" width=\"553\" height=\"1024\" data-id=\"650\" src=\"https:\/\/clangormsson.com\/wp-content\/uploads\/2024\/09\/CgVZJ4-W-553x1024.jpg\" alt=\"\" class=\"wp-image-650\" srcset=\"https:\/\/clangormsson.com\/wp-content\/uploads\/2024\/09\/CgVZJ4-W-553x1024.jpg 553w, https:\/\/clangormsson.com\/wp-content\/uploads\/2024\/09\/CgVZJ4-W-162x300.jpg 162w, https:\/\/clangormsson.com\/wp-content\/uploads\/2024\/09\/CgVZJ4-W-768x1422.jpg 768w, https:\/\/clangormsson.com\/wp-content\/uploads\/2024\/09\/CgVZJ4-W-830x1536.jpg 830w, https:\/\/clangormsson.com\/wp-content\/uploads\/2024\/09\/CgVZJ4-W.jpg 1037w\" sizes=\"(max-width: 553px) 100vw, 553px\" \/><\/figure>\n\n\n\n<figure class=\"wp-block-image size-large\"><img loading=\"lazy\" decoding=\"async\" width=\"713\" height=\"1024\" data-id=\"268\" src=\"https:\/\/clangormsson.com\/wp-content\/uploads\/2023\/08\/289361775_2868369553467897_205538780898597172_n-e1690975381227-713x1024.jpg\" alt=\"\" class=\"wp-image-268\" srcset=\"https:\/\/clangormsson.com\/wp-content\/uploads\/2023\/08\/289361775_2868369553467897_205538780898597172_n-e1690975381227-713x1024.jpg 713w, https:\/\/clangormsson.com\/wp-content\/uploads\/2023\/08\/289361775_2868369553467897_205538780898597172_n-e1690975381227-209x300.jpg 209w, https:\/\/clangormsson.com\/wp-content\/uploads\/2023\/08\/289361775_2868369553467897_205538780898597172_n-e1690975381227-768x1102.jpg 768w, https:\/\/clangormsson.com\/wp-content\/uploads\/2023\/08\/289361775_2868369553467897_205538780898597172_n-e1690975381227.jpg 1070w\" sizes=\"(max-width: 713px) 100vw, 713px\" \/><\/figure>\n\n\n\n<figure class=\"wp-block-image size-large\"><img loading=\"lazy\" decoding=\"async\" width=\"312\" height=\"678\" data-id=\"257\" src=\"https:\/\/clangormsson.com\/wp-content\/uploads\/2023\/08\/344535500_715016870421820_4561497355640775485_n.jpg\" alt=\"\" class=\"wp-image-257\" srcset=\"https:\/\/clangormsson.com\/wp-content\/uploads\/2023\/08\/344535500_715016870421820_4561497355640775485_n.jpg 312w, https:\/\/clangormsson.com\/wp-content\/uploads\/2023\/08\/344535500_715016870421820_4561497355640775485_n-138x300.jpg 138w\" sizes=\"(max-width: 312px) 100vw, 312px\" \/><\/figure>\n\n\n\n<figure class=\"wp-block-image size-large\"><img loading=\"lazy\" decoding=\"async\" width=\"1024\" height=\"768\" data-id=\"261\" src=\"https:\/\/clangormsson.com\/wp-content\/uploads\/2023\/08\/292212687_2876481575990028_6755938878423597271_n-1024x768.jpg\" alt=\"\" class=\"wp-image-261\" srcset=\"https:\/\/clangormsson.com\/wp-content\/uploads\/2023\/08\/292212687_2876481575990028_6755938878423597271_n-1024x768.jpg 1024w, https:\/\/clangormsson.com\/wp-content\/uploads\/2023\/08\/292212687_2876481575990028_6755938878423597271_n-300x225.jpg 300w, https:\/\/clangormsson.com\/wp-content\/uploads\/2023\/08\/292212687_2876481575990028_6755938878423597271_n-768x576.jpg 768w, https:\/\/clangormsson.com\/wp-content\/uploads\/2023\/08\/292212687_2876481575990028_6755938878423597271_n-1536x1152.jpg 1536w, https:\/\/clangormsson.com\/wp-content\/uploads\/2023\/08\/292212687_2876481575990028_6755938878423597271_n.jpg 2048w\" sizes=\"(max-width: 1024px) 100vw, 1024px\" \/><\/figure>\n\n\n\n<figure class=\"wp-block-image size-large\"><img loading=\"lazy\" decoding=\"async\" width=\"768\" height=\"1024\" data-id=\"262\" src=\"https:\/\/clangormsson.com\/wp-content\/uploads\/2023\/08\/344555617_1890754254624833_625433982009111977_n-768x1024.jpg\" alt=\"\" class=\"wp-image-262\" srcset=\"https:\/\/clangormsson.com\/wp-content\/uploads\/2023\/08\/344555617_1890754254624833_625433982009111977_n-768x1024.jpg 768w, https:\/\/clangormsson.com\/wp-content\/uploads\/2023\/08\/344555617_1890754254624833_625433982009111977_n-225x300.jpg 225w, https:\/\/clangormsson.com\/wp-content\/uploads\/2023\/08\/344555617_1890754254624833_625433982009111977_n-1152x1536.jpg 1152w, https:\/\/clangormsson.com\/wp-content\/uploads\/2023\/08\/344555617_1890754254624833_625433982009111977_n.jpg 1536w\" sizes=\"(max-width: 768px) 100vw, 768px\" \/><\/figure>\n\n\n\n<figure class=\"wp-block-image size-large\"><img loading=\"lazy\" decoding=\"async\" width=\"1024\" height=\"768\" data-id=\"263\" src=\"https:\/\/clangormsson.com\/wp-content\/uploads\/2023\/08\/347382277_190438393944878_3659200191505040919_n-1-1024x768.jpg\" alt=\"\" class=\"wp-image-263\" srcset=\"https:\/\/clangormsson.com\/wp-content\/uploads\/2023\/08\/347382277_190438393944878_3659200191505040919_n-1-1024x768.jpg 1024w, https:\/\/clangormsson.com\/wp-content\/uploads\/2023\/08\/347382277_190438393944878_3659200191505040919_n-1-300x225.jpg 300w, https:\/\/clangormsson.com\/wp-content\/uploads\/2023\/08\/347382277_190438393944878_3659200191505040919_n-1-768x576.jpg 768w, https:\/\/clangormsson.com\/wp-content\/uploads\/2023\/08\/347382277_190438393944878_3659200191505040919_n-1-1536x1152.jpg 1536w, https:\/\/clangormsson.com\/wp-content\/uploads\/2023\/08\/347382277_190438393944878_3659200191505040919_n-1.jpg 2048w\" sizes=\"(max-width: 1024px) 100vw, 1024px\" \/><\/figure>\n\n\n\n<figure class=\"wp-block-image size-large\"><img loading=\"lazy\" decoding=\"async\" width=\"768\" height=\"1024\" data-id=\"270\" src=\"https:\/\/clangormsson.com\/wp-content\/uploads\/2023\/08\/280841576_2838512096453643_4475006906685265954_n-768x1024.jpg\" alt=\"\" class=\"wp-image-270\" srcset=\"https:\/\/clangormsson.com\/wp-content\/uploads\/2023\/08\/280841576_2838512096453643_4475006906685265954_n-768x1024.jpg 768w, https:\/\/clangormsson.com\/wp-content\/uploads\/2023\/08\/280841576_2838512096453643_4475006906685265954_n-225x300.jpg 225w, https:\/\/clangormsson.com\/wp-content\/uploads\/2023\/08\/280841576_2838512096453643_4475006906685265954_n-1152x1536.jpg 1152w, https:\/\/clangormsson.com\/wp-content\/uploads\/2023\/08\/280841576_2838512096453643_4475006906685265954_n.jpg 1536w\" sizes=\"(max-width: 768px) 100vw, 768px\" \/><\/figure>\n\n\n\n<figure class=\"wp-block-image size-large\"><img loading=\"lazy\" decoding=\"async\" width=\"720\" height=\"960\" data-id=\"272\" src=\"https:\/\/clangormsson.com\/wp-content\/uploads\/2023\/08\/351363694_562753885936901_7902847389756940995_n.jpg\" alt=\"\" class=\"wp-image-272\" srcset=\"https:\/\/clangormsson.com\/wp-content\/uploads\/2023\/08\/351363694_562753885936901_7902847389756940995_n.jpg 720w, https:\/\/clangormsson.com\/wp-content\/uploads\/2023\/08\/351363694_562753885936901_7902847389756940995_n-225x300.jpg 225w\" sizes=\"(max-width: 720px) 100vw, 720px\" \/><\/figure>\n\n\n\n<figure class=\"wp-block-image size-large\"><img loading=\"lazy\" decoding=\"async\" width=\"876\" height=\"1024\" data-id=\"651\" src=\"https:\/\/clangormsson.com\/wp-content\/uploads\/2024\/09\/456184575_8164098303648370_1952891177514645810_n-876x1024.jpg\" alt=\"\" class=\"wp-image-651\" srcset=\"https:\/\/clangormsson.com\/wp-content\/uploads\/2024\/09\/456184575_8164098303648370_1952891177514645810_n-876x1024.jpg 876w, https:\/\/clangormsson.com\/wp-content\/uploads\/2024\/09\/456184575_8164098303648370_1952891177514645810_n-257x300.jpg 257w, https:\/\/clangormsson.com\/wp-content\/uploads\/2024\/09\/456184575_8164098303648370_1952891177514645810_n-768x898.jpg 768w, https:\/\/clangormsson.com\/wp-content\/uploads\/2024\/09\/456184575_8164098303648370_1952891177514645810_n-1314x1536.jpg 1314w, https:\/\/clangormsson.com\/wp-content\/uploads\/2024\/09\/456184575_8164098303648370_1952891177514645810_n.jpg 1752w\" sizes=\"(max-width: 876px) 100vw, 876px\" \/><\/figure>\n\n\n\n<figure class=\"wp-block-image size-large\"><img loading=\"lazy\" decoding=\"async\" width=\"1024\" height=\"768\" data-id=\"653\" src=\"https:\/\/clangormsson.com\/wp-content\/uploads\/2024\/09\/418287957_387738587342117_2427357152980566608_n-1024x768.jpg\" alt=\"\" class=\"wp-image-653\" srcset=\"https:\/\/clangormsson.com\/wp-content\/uploads\/2024\/09\/418287957_387738587342117_2427357152980566608_n-1024x768.jpg 1024w, https:\/\/clangormsson.com\/wp-content\/uploads\/2024\/09\/418287957_387738587342117_2427357152980566608_n-300x225.jpg 300w, https:\/\/clangormsson.com\/wp-content\/uploads\/2024\/09\/418287957_387738587342117_2427357152980566608_n-768x576.jpg 768w, https:\/\/clangormsson.com\/wp-content\/uploads\/2024\/09\/418287957_387738587342117_2427357152980566608_n-1536x1152.jpg 1536w, https:\/\/clangormsson.com\/wp-content\/uploads\/2024\/09\/418287957_387738587342117_2427357152980566608_n.jpg 1632w\" sizes=\"(max-width: 1024px) 100vw, 1024px\" \/><\/figure>\n<\/figure>\n","protected":false},"excerpt":{"rendered":"<p>Bienvenue \u00e0 \u00ab&nbsp;L\u2019Atelier du Chat R\u00eaveur&nbsp;\u00bb \u2013 un royaume enchant\u00e9 <a class=\"more-link\" href=\"https:\/\/clangormsson.com\/index.php\/animations-scolaires\/latelier-du-chat-reveur\/\">Lire plus &#8230;<\/a><\/p>\n","protected":false},"author":1,"featured_media":588,"parent":20,"menu_order":0,"comment_status":"closed","ping_status":"closed","template":"","meta":{"footnotes":""},"class_list":["post-303","page","type-page","status-publish","has-post-thumbnail","hentry"],"yoast_head":"<!-- This site is optimized with the Yoast SEO plugin v27.4 - https:\/\/yoast.com\/product\/yoast-seo-wordpress\/ -->\n<title>L\u2019Atelier du Chat R\u00eaveur - Clan Gormsson<\/title>\n<meta name=\"description\" content=\"D\u00e9couvrez l&#039;univers f\u00e9\u00e9rique de l&#039;Atelier du Chat R\u00eaveur ! Plongez dans un monde o\u00f9 l&#039;imagination prend vie \u00e0 travers des cr\u00e9ations artistiques uniques. Explorez nos \u0153uvres originales, laissez-vous emporter par la magie des couleurs et des formes, et laissez votre esprit vagabonder dans les contr\u00e9es enchant\u00e9es de nos cr\u00e9ations.\" \/>\n<meta name=\"robots\" content=\"index, follow, max-snippet:-1, max-image-preview:large, max-video-preview:-1\" \/>\n<link rel=\"canonical\" href=\"https:\/\/clangormsson.com\/index.php\/animations-scolaires\/latelier-du-chat-reveur\/\" \/>\n<meta property=\"og:locale\" content=\"fr_FR\" \/>\n<meta property=\"og:type\" content=\"article\" \/>\n<meta property=\"og:title\" content=\"L\u2019Atelier du Chat R\u00eaveur - Clan Gormsson\" \/>\n<meta property=\"og:description\" content=\"D\u00e9couvrez l&#039;univers f\u00e9\u00e9rique de l&#039;Atelier du Chat R\u00eaveur ! Plongez dans un monde o\u00f9 l&#039;imagination prend vie \u00e0 travers des cr\u00e9ations artistiques uniques. Explorez nos \u0153uvres originales, laissez-vous emporter par la magie des couleurs et des formes, et laissez votre esprit vagabonder dans les contr\u00e9es enchant\u00e9es de nos cr\u00e9ations.\" \/>\n<meta property=\"og:url\" content=\"https:\/\/clangormsson.com\/index.php\/animations-scolaires\/latelier-du-chat-reveur\/\" \/>\n<meta property=\"og:site_name\" content=\"Clan Gormsson\" \/>\n<meta property=\"article:publisher\" content=\"https:\/\/www.facebook.com\/Clangormsson\/\" \/>\n<meta property=\"article:modified_time\" content=\"2024-09-28T20:50:01+00:00\" \/>\n<meta property=\"og:image\" content=\"https:\/\/clangormsson.com\/wp-content\/uploads\/2024\/09\/photo-site-chat-reveur-1024x660.png\" \/>\n\t<meta property=\"og:image:width\" content=\"1024\" \/>\n\t<meta property=\"og:image:height\" content=\"660\" \/>\n\t<meta property=\"og:image:type\" content=\"image\/png\" \/>\n<meta name=\"twitter:card\" content=\"summary_large_image\" \/>\n<meta name=\"twitter:label1\" content=\"Dur\u00e9e de lecture estim\u00e9e\" \/>\n\t<meta name=\"twitter:data1\" content=\"4 minutes\" \/>\n<script type=\"application\/ld+json\" class=\"yoast-schema-graph\">{\"@context\":\"https:\\\/\\\/schema.org\",\"@graph\":[{\"@type\":\"WebPage\",\"@id\":\"https:\\\/\\\/clangormsson.com\\\/index.php\\\/animations-scolaires\\\/latelier-du-chat-reveur\\\/\",\"url\":\"https:\\\/\\\/clangormsson.com\\\/index.php\\\/animations-scolaires\\\/latelier-du-chat-reveur\\\/\",\"name\":\"L\u2019Atelier du Chat R\u00eaveur - Clan Gormsson\",\"isPartOf\":{\"@id\":\"https:\\\/\\\/clangormsson.com\\\/#website\"},\"primaryImageOfPage\":{\"@id\":\"https:\\\/\\\/clangormsson.com\\\/index.php\\\/animations-scolaires\\\/latelier-du-chat-reveur\\\/#primaryimage\"},\"image\":{\"@id\":\"https:\\\/\\\/clangormsson.com\\\/index.php\\\/animations-scolaires\\\/latelier-du-chat-reveur\\\/#primaryimage\"},\"thumbnailUrl\":\"https:\\\/\\\/clangormsson.com\\\/wp-content\\\/uploads\\\/2024\\\/09\\\/photo-site-chat-reveur.png\",\"datePublished\":\"2023-08-02T13:28:02+00:00\",\"dateModified\":\"2024-09-28T20:50:01+00:00\",\"description\":\"D\u00e9couvrez l'univers f\u00e9\u00e9rique de l'Atelier du Chat R\u00eaveur ! Plongez dans un monde o\u00f9 l'imagination prend vie \u00e0 travers des cr\u00e9ations artistiques uniques. Explorez nos \u0153uvres originales, laissez-vous emporter par la magie des couleurs et des formes, et laissez votre esprit vagabonder dans les contr\u00e9es enchant\u00e9es de nos cr\u00e9ations.\",\"breadcrumb\":{\"@id\":\"https:\\\/\\\/clangormsson.com\\\/index.php\\\/animations-scolaires\\\/latelier-du-chat-reveur\\\/#breadcrumb\"},\"inLanguage\":\"fr-FR\",\"potentialAction\":[{\"@type\":\"ReadAction\",\"target\":[\"https:\\\/\\\/clangormsson.com\\\/index.php\\\/animations-scolaires\\\/latelier-du-chat-reveur\\\/\"]}]},{\"@type\":\"ImageObject\",\"inLanguage\":\"fr-FR\",\"@id\":\"https:\\\/\\\/clangormsson.com\\\/index.php\\\/animations-scolaires\\\/latelier-du-chat-reveur\\\/#primaryimage\",\"url\":\"https:\\\/\\\/clangormsson.com\\\/wp-content\\\/uploads\\\/2024\\\/09\\\/photo-site-chat-reveur.png\",\"contentUrl\":\"https:\\\/\\\/clangormsson.com\\\/wp-content\\\/uploads\\\/2024\\\/09\\\/photo-site-chat-reveur.png\",\"width\":4267,\"height\":2750},{\"@type\":\"BreadcrumbList\",\"@id\":\"https:\\\/\\\/clangormsson.com\\\/index.php\\\/animations-scolaires\\\/latelier-du-chat-reveur\\\/#breadcrumb\",\"itemListElement\":[{\"@type\":\"ListItem\",\"position\":1,\"name\":\"Accueil\",\"item\":\"https:\\\/\\\/clangormsson.com\\\/\"},{\"@type\":\"ListItem\",\"position\":2,\"name\":\"Animations scolaires\",\"item\":\"https:\\\/\\\/clangormsson.com\\\/index.php\\\/animations-scolaires\\\/\"},{\"@type\":\"ListItem\",\"position\":3,\"name\":\"L\u2019Atelier du Chat R\u00eaveur\"}]},{\"@type\":\"WebSite\",\"@id\":\"https:\\\/\\\/clangormsson.com\\\/#website\",\"url\":\"https:\\\/\\\/clangormsson.com\\\/\",\"name\":\"Clan Gormsson\",\"description\":\"ASSOCIATION HISTORIQUE ET D&#039;EDUCATION A L&#039;ENVIRONNEMENT : Animations scolaires, Vie m\u00e9di\u00e9vale, Education \u00e0 l&#039;environnement, Spectacles de feu, Contes m\u00e9di\u00e9vaux, Campement m\u00e9di\u00e9val, Costume m\u00e9di\u00e9val, Animations abeilles, Animations fourmis, Animations pollinisateurs, Animations oiseaux.\",\"publisher\":{\"@id\":\"https:\\\/\\\/clangormsson.com\\\/#organization\"},\"potentialAction\":[{\"@type\":\"SearchAction\",\"target\":{\"@type\":\"EntryPoint\",\"urlTemplate\":\"https:\\\/\\\/clangormsson.com\\\/?s={search_term_string}\"},\"query-input\":{\"@type\":\"PropertyValueSpecification\",\"valueRequired\":true,\"valueName\":\"search_term_string\"}}],\"inLanguage\":\"fr-FR\"},{\"@type\":\"Organization\",\"@id\":\"https:\\\/\\\/clangormsson.com\\\/#organization\",\"name\":\"Clan Gormsson\",\"url\":\"https:\\\/\\\/clangormsson.com\\\/\",\"logo\":{\"@type\":\"ImageObject\",\"inLanguage\":\"fr-FR\",\"@id\":\"https:\\\/\\\/clangormsson.com\\\/#\\\/schema\\\/logo\\\/image\\\/\",\"url\":\"https:\\\/\\\/clangormsson.com\\\/wp-content\\\/uploads\\\/2024\\\/05\\\/cropped-banieres-gormson-150-x150.png\",\"contentUrl\":\"https:\\\/\\\/clangormsson.com\\\/wp-content\\\/uploads\\\/2024\\\/05\\\/cropped-banieres-gormson-150-x150.png\",\"width\":150,\"height\":150,\"caption\":\"Clan Gormsson\"},\"image\":{\"@id\":\"https:\\\/\\\/clangormsson.com\\\/#\\\/schema\\\/logo\\\/image\\\/\"},\"sameAs\":[\"https:\\\/\\\/www.facebook.com\\\/Clangormsson\\\/\",\"https:\\\/\\\/www.youtube.com\\\/@clangormsson\",\"https:\\\/\\\/www.tiktok.com\\\/@clangormsson\",\"https:\\\/\\\/www.instagram.com\\\/clangormsson\"]}]}<\/script>\n<!-- \/ Yoast SEO plugin. -->","yoast_head_json":{"title":"L\u2019Atelier du Chat R\u00eaveur - Clan Gormsson","description":"D\u00e9couvrez l'univers f\u00e9\u00e9rique de l'Atelier du Chat R\u00eaveur ! Plongez dans un monde o\u00f9 l'imagination prend vie \u00e0 travers des cr\u00e9ations artistiques uniques. Explorez nos \u0153uvres originales, laissez-vous emporter par la magie des couleurs et des formes, et laissez votre esprit vagabonder dans les contr\u00e9es enchant\u00e9es de nos cr\u00e9ations.","robots":{"index":"index","follow":"follow","max-snippet":"max-snippet:-1","max-image-preview":"max-image-preview:large","max-video-preview":"max-video-preview:-1"},"canonical":"https:\/\/clangormsson.com\/index.php\/animations-scolaires\/latelier-du-chat-reveur\/","og_locale":"fr_FR","og_type":"article","og_title":"L\u2019Atelier du Chat R\u00eaveur - Clan Gormsson","og_description":"D\u00e9couvrez l'univers f\u00e9\u00e9rique de l'Atelier du Chat R\u00eaveur ! Plongez dans un monde o\u00f9 l'imagination prend vie \u00e0 travers des cr\u00e9ations artistiques uniques. Explorez nos \u0153uvres originales, laissez-vous emporter par la magie des couleurs et des formes, et laissez votre esprit vagabonder dans les contr\u00e9es enchant\u00e9es de nos cr\u00e9ations.","og_url":"https:\/\/clangormsson.com\/index.php\/animations-scolaires\/latelier-du-chat-reveur\/","og_site_name":"Clan Gormsson","article_publisher":"https:\/\/www.facebook.com\/Clangormsson\/","article_modified_time":"2024-09-28T20:50:01+00:00","og_image":[{"width":1024,"height":660,"url":"https:\/\/clangormsson.com\/wp-content\/uploads\/2024\/09\/photo-site-chat-reveur-1024x660.png","type":"image\/png"}],"twitter_card":"summary_large_image","twitter_misc":{"Dur\u00e9e de lecture estim\u00e9e":"4 minutes"},"schema":{"@context":"https:\/\/schema.org","@graph":[{"@type":"WebPage","@id":"https:\/\/clangormsson.com\/index.php\/animations-scolaires\/latelier-du-chat-reveur\/","url":"https:\/\/clangormsson.com\/index.php\/animations-scolaires\/latelier-du-chat-reveur\/","name":"L\u2019Atelier du Chat R\u00eaveur - Clan Gormsson","isPartOf":{"@id":"https:\/\/clangormsson.com\/#website"},"primaryImageOfPage":{"@id":"https:\/\/clangormsson.com\/index.php\/animations-scolaires\/latelier-du-chat-reveur\/#primaryimage"},"image":{"@id":"https:\/\/clangormsson.com\/index.php\/animations-scolaires\/latelier-du-chat-reveur\/#primaryimage"},"thumbnailUrl":"https:\/\/clangormsson.com\/wp-content\/uploads\/2024\/09\/photo-site-chat-reveur.png","datePublished":"2023-08-02T13:28:02+00:00","dateModified":"2024-09-28T20:50:01+00:00","description":"D\u00e9couvrez l'univers f\u00e9\u00e9rique de l'Atelier du Chat R\u00eaveur ! Plongez dans un monde o\u00f9 l'imagination prend vie \u00e0 travers des cr\u00e9ations artistiques uniques. Explorez nos \u0153uvres originales, laissez-vous emporter par la magie des couleurs et des formes, et laissez votre esprit vagabonder dans les contr\u00e9es enchant\u00e9es de nos cr\u00e9ations.","breadcrumb":{"@id":"https:\/\/clangormsson.com\/index.php\/animations-scolaires\/latelier-du-chat-reveur\/#breadcrumb"},"inLanguage":"fr-FR","potentialAction":[{"@type":"ReadAction","target":["https:\/\/clangormsson.com\/index.php\/animations-scolaires\/latelier-du-chat-reveur\/"]}]},{"@type":"ImageObject","inLanguage":"fr-FR","@id":"https:\/\/clangormsson.com\/index.php\/animations-scolaires\/latelier-du-chat-reveur\/#primaryimage","url":"https:\/\/clangormsson.com\/wp-content\/uploads\/2024\/09\/photo-site-chat-reveur.png","contentUrl":"https:\/\/clangormsson.com\/wp-content\/uploads\/2024\/09\/photo-site-chat-reveur.png","width":4267,"height":2750},{"@type":"BreadcrumbList","@id":"https:\/\/clangormsson.com\/index.php\/animations-scolaires\/latelier-du-chat-reveur\/#breadcrumb","itemListElement":[{"@type":"ListItem","position":1,"name":"Accueil","item":"https:\/\/clangormsson.com\/"},{"@type":"ListItem","position":2,"name":"Animations scolaires","item":"https:\/\/clangormsson.com\/index.php\/animations-scolaires\/"},{"@type":"ListItem","position":3,"name":"L\u2019Atelier du Chat R\u00eaveur"}]},{"@type":"WebSite","@id":"https:\/\/clangormsson.com\/#website","url":"https:\/\/clangormsson.com\/","name":"Clan Gormsson","description":"ASSOCIATION HISTORIQUE ET D&#039;EDUCATION A L&#039;ENVIRONNEMENT : Animations scolaires, Vie m\u00e9di\u00e9vale, Education \u00e0 l&#039;environnement, Spectacles de feu, Contes m\u00e9di\u00e9vaux, Campement m\u00e9di\u00e9val, Costume m\u00e9di\u00e9val, Animations abeilles, Animations fourmis, Animations pollinisateurs, Animations oiseaux.","publisher":{"@id":"https:\/\/clangormsson.com\/#organization"},"potentialAction":[{"@type":"SearchAction","target":{"@type":"EntryPoint","urlTemplate":"https:\/\/clangormsson.com\/?s={search_term_string}"},"query-input":{"@type":"PropertyValueSpecification","valueRequired":true,"valueName":"search_term_string"}}],"inLanguage":"fr-FR"},{"@type":"Organization","@id":"https:\/\/clangormsson.com\/#organization","name":"Clan Gormsson","url":"https:\/\/clangormsson.com\/","logo":{"@type":"ImageObject","inLanguage":"fr-FR","@id":"https:\/\/clangormsson.com\/#\/schema\/logo\/image\/","url":"https:\/\/clangormsson.com\/wp-content\/uploads\/2024\/05\/cropped-banieres-gormson-150-x150.png","contentUrl":"https:\/\/clangormsson.com\/wp-content\/uploads\/2024\/05\/cropped-banieres-gormson-150-x150.png","width":150,"height":150,"caption":"Clan Gormsson"},"image":{"@id":"https:\/\/clangormsson.com\/#\/schema\/logo\/image\/"},"sameAs":["https:\/\/www.facebook.com\/Clangormsson\/","https:\/\/www.youtube.com\/@clangormsson","https:\/\/www.tiktok.com\/@clangormsson","https:\/\/www.instagram.com\/clangormsson"]}]}},"_links":{"self":[{"href":"https:\/\/clangormsson.com\/index.php\/wp-json\/wp\/v2\/pages\/303","targetHints":{"allow":["GET"]}}],"collection":[{"href":"https:\/\/clangormsson.com\/index.php\/wp-json\/wp\/v2\/pages"}],"about":[{"href":"https:\/\/clangormsson.com\/index.php\/wp-json\/wp\/v2\/types\/page"}],"author":[{"embeddable":true,"href":"https:\/\/clangormsson.com\/index.php\/wp-json\/wp\/v2\/users\/1"}],"replies":[{"embeddable":true,"href":"https:\/\/clangormsson.com\/index.php\/wp-json\/wp\/v2\/comments?post=303"}],"version-history":[{"count":3,"href":"https:\/\/clangormsson.com\/index.php\/wp-json\/wp\/v2\/pages\/303\/revisions"}],"predecessor-version":[{"id":654,"href":"https:\/\/clangormsson.com\/index.php\/wp-json\/wp\/v2\/pages\/303\/revisions\/654"}],"up":[{"embeddable":true,"href":"https:\/\/clangormsson.com\/index.php\/wp-json\/wp\/v2\/pages\/20"}],"wp:featuredmedia":[{"embeddable":true,"href":"https:\/\/clangormsson.com\/index.php\/wp-json\/wp\/v2\/media\/588"}],"wp:attachment":[{"href":"https:\/\/clangormsson.com\/index.php\/wp-json\/wp\/v2\/media?parent=303"}],"curies":[{"name":"wp","href":"https:\/\/api.w.org\/{rel}","templated":true}]}}